{"id":198,"date":"2020-02-07T21:44:13","date_gmt":"2020-02-07T18:44:13","guid":{"rendered":"https:\/\/sahnepulcherie.com\/?page_id=198"},"modified":"2024-09-13T14:51:23","modified_gmt":"2024-09-13T11:51:23","slug":"contacts","status":"publish","type":"page","link":"https:\/\/sahnepulcherie.com\/fr\/contacts\/","title":{"rendered":"CONTACTS"},"content":{"rendered":"<p>[vc_row full_width=\u00a0\u00bbstretch_row\u00a0\u00bb content_text_aligment=\u00a0\u00bbcenter\u00a0\u00bb parallax_background_image=\u00a0\u00bb181&Prime; parallax_bg_speed=\u00a0\u00bb1&Prime; css=\u00a0\u00bb.vc_custom_1581060590436{margin-top: 0px !important;padding-top: 100px !important;padding-bottom: 100px !important;}\u00a0\u00bb parallax_bg_height=\u00a0\u00bb500px\u00a0\u00bb][vc_column]<div itemprop=\"url\"  style=\"color: #23e1e1;font-size: 18px;font-weight: 300\" class=\"edgtf-btn edgtf-btn-medium edgtf-btn-circle edgtf-btn-custom-hover-color sahneButon\" data-move=\"strict\" data-hover-color=\"#e8e8e8\" data-text=\"CONTACTS\" >\n    <div class=\"edgtf-btn-circle-outer\">\n        <svg class=\"edgtf-theme-svg\" x=\"0px\" y=\"0px\" width=\"232px\" height=\"232px\" viewBox=\"0 0 231.971 231.971\" enable-background=\"new 0 0 231.971 231.971\" xml:space=\"preserve\">\n                  <circle fill=\"none\" stroke=\"currentColor\" stroke-miterlimit=\"10\" cx=\"115.985\" cy=\"115.985\" r=\"115.485\"\/>\n            <\/svg>\n        <div class=\"edgtf-btn-circle-inner edgtf-btn-circle-break-lines\"><span>CONTACTS<\/span><\/div>\n        <a itemprop=\"url\" class=\"edgtf-btn-circle-link\" href=\"#\" target=\"_self\"><\/a>\n    <\/div>\n<\/div>[\/vc_column][\/vc_row][vc_row full_width=\u00a0\u00bbstretch_row\u00a0\u00bb content_text_aligment=\u00a0\u00bbcenter\u00a0\u00bb css=\u00a0\u00bb.vc_custom_1580991470051{padding-top: 15px !important;padding-bottom: 40px !important;background-color: #000000 !important;}\u00a0\u00bb][vc_column width=\u00a0\u00bb1\/6&Prime;][\/vc_column][vc_column width=\u00a0\u00bb2\/3&Prime; css=\u00a0\u00bb.vc_custom_1580991418911{padding-top: 0px !important;}\u00a0\u00bb][vc_column_text]<\/p>\n<div class=\"chapo\">\n<p><a href=\"https:\/\/goo.gl\/maps\/hBQ3VvUpTzwrKWzm7\" target=\"_blank\" rel=\"noopener\"><img loading=\"lazy\" decoding=\"async\" class=\"alignnone wp-image-4682 size-large\" src=\"https:\/\/sahnepulcherie.com\/wp-content\/uploads\/2024\/09\/sahne-kroki-adres-FR-1-1024x578.jpg\" alt=\"\" width=\"1024\" height=\"578\" srcset=\"https:\/\/sahnepulcherie.com\/wp-content\/uploads\/2024\/09\/sahne-kroki-adres-FR-1-1024x578.jpg 1024w, https:\/\/sahnepulcherie.com\/wp-content\/uploads\/2024\/09\/sahne-kroki-adres-FR-1-300x169.jpg 300w, https:\/\/sahnepulcherie.com\/wp-content\/uploads\/2024\/09\/sahne-kroki-adres-FR-1-768x434.jpg 768w, https:\/\/sahnepulcherie.com\/wp-content\/uploads\/2024\/09\/sahne-kroki-adres-FR-1.jpg 1505w\" sizes=\"(max-width: 1024px) 100vw, 1024px\" \/><\/a><\/p>\n<p style=\"text-align: center;\"><em>*La billetterie est prise en charge par les compagnies de th\u00e9\u00e2tre. Merci de contacter directement les compagnies pour vos demandes d&rsquo;achats ou de r\u00e9servations de billets.\u00a0<\/em><\/p>\n<\/div>\n<p>[\/vc_column_text][\/vc_column][vc_column width=\u00a0\u00bb1\/6&Prime;][\/vc_column][\/vc_row][vc_row full_width=\u00a0\u00bbstretch_row\u00a0\u00bb css=\u00a0\u00bb.vc_custom_1586869060705{padding-top: 45px !important;padding-bottom: 45px !important;background-color: #23e1e1 !important;}\u00a0\u00bb simple_background_color=\u00a0\u00bb#23e1e1&Prime;][vc_column width=\u00a0\u00bb1\/2&Prime; css=\u00a0\u00bb.vc_custom_1581060396663{margin-top: 0px !important;padding-top: 0px !important;}\u00a0\u00bb][vc_custom_heading text=\u00a0\u00bbSUIVEZ-NOUS\u00a0\u00bb font_container=\u00a0\u00bbtag:h3|font_size:38|text_align:center|color:%23000000&Prime; google_fonts=\u00a0\u00bbfont_family:Oswald%3A300%2Cregular%2C700|font_style:700%20bold%20regular%3A700%3Anormal\u00a0\u00bb css=\u00a0\u00bb.vc_custom_1586869072679{margin-top: 0px !important;margin-bottom: 0px !important;padding-top: 0px !important;padding-bottom: 0px !important;}\u00a0\u00bb][\/vc_column][vc_column width=\u00a0\u00bb1\/2&Prime; css=\u00a0\u00bb.vc_custom_1581060402741{margin-top: 0px !important;padding-top: 0px !important;}\u00a0\u00bb][vc_raw_html]JTNDZGl2JTIwc3R5bGUlM0QlMjJ0ZXh0LWFsaWduJTNBY2VudGVyJTNCJTIyJTNFJTBBJTNDYSUyMGhyZWYlM0QlMjJodHRwJTNBJTJGJTJGaW5zdGFncmFtLmNvbSUyRnNhaG5lcHVsY2hlcmllJTIyJTIwc3R5bGUlM0QlMjJtYXJnaW4tcmlnaHQlM0ExMHB4JTNCJTIwZm9udC1zaXplJTNBMzBweCUzQiUyMGNvbG9yJTNBJTIzMDAwJTNCJTIyJTNFJTNDc3BhbiUzRSUzQ2klMjBjbGFzcyUzRCUyMmZhYiUyMGZhLWluc3RhZ3JhbSUyMiUzRSUzQyUyRmklM0UlMjAlMjZuYnNwJTNCJTNDJTJGc3BhbiUzRSUzQyUyRmElM0UlMEElM0NhJTIwaHJlZiUzRCUyMmh0dHAlM0ElMkYlMkZ4LmNvbSUyRnNhaG5lcHVsY2hlcmllJTIyJTIwc3R5bGUlM0QlMjJtYXJnaW4tcmlnaHQlM0ExMHB4JTNCJTIwZm9udC1zaXplJTNBMzBweCUzQiUyMGNvbG9yJTNBJTIzMDAwJTNCJTIyJTNFJTNDc3BhbiUzRSUzQ2klMjBjbGFzcyUzRCUyMmZhYiUyMGZhLXglMjIlM0UlM0MlMkZpJTNFJTIwJTI2bmJzcCUzQiUzQyUyRnNwYW4lM0UlM0MlMkZhJTNFJTBBJTNDYSUyMGhyZWYlM0QlMjJodHRwJTNBJTJGJTJGZmFjZWJvb2suY29tJTJGU2FobmVQdWxjaGVyaWUlMjIlMjBzdHlsZSUzRCUyMm1hcmdpbi1yaWdodCUzQTEwcHglM0IlMjBmb250LXNpemUlM0EzMHB4JTNCJTIwY29sb3IlM0ElMjMwMDAlM0IlMjIlM0UlM0NzcGFuJTNFJTNDaSUyMGNsYXNzJTNEJTIyZmFiJTIwZmEtZmFjZWJvb2slMjIlM0UlM0MlMkZpJTNFJTIwJTI2bmJzcCUzQiUzQyUyRnNwYW4lM0UlM0MlMkZhJTNFJTBBJTNDJTJGZGl2JTNF[\/vc_raw_html][\/vc_column][\/vc_row][vc_row][vc_column width=\u00a0\u00bb1\/6&Prime;][\/vc_column][vc_column width=\u00a0\u00bb2\/3&Prime;][vc_column_text]<\/p>\n<p style=\"text-align: center;\">\n<div class=\"wpcf7 no-js\" id=\"wpcf7-f205-o1\" lang=\"tr-TR\" dir=\"ltr\">\n<div class=\"screen-reader-response\"><p role=\"status\" aria-live=\"polite\" aria-atomic=\"true\"><\/p> <ul><\/ul><\/div>\n<form action=\"\/fr\/wp-json\/wp\/v2\/pages\/198#wpcf7-f205-o1\" method=\"post\" class=\"wpcf7-form init\" aria-label=\"Contact form\" novalidate=\"novalidate\" data-status=\"init\">\n<div style=\"display: none;\">\n<input type=\"hidden\" name=\"_wpcf7\" value=\"205\" \/>\n<input type=\"hidden\" name=\"_wpcf7_version\" value=\"5.8.3\" \/>\n<input type=\"hidden\" name=\"_wpcf7_locale\" value=\"tr_TR\" \/>\n<input type=\"hidden\" name=\"_wpcf7_unit_tag\" value=\"wpcf7-f205-o1\" \/>\n<input type=\"hidden\" name=\"_wpcf7_container_post\" value=\"0\" \/>\n<input type=\"hidden\" name=\"_wpcf7_posted_data_hash\" value=\"\" \/>\n<input type=\"hidden\" name=\"_wpcf7_recaptcha_response\" value=\"\" \/>\n<\/div>\n<style>\n.sahnebulten .wpcf7-form-control.wpcf7-text{border:1px solid #fff; margin-bottom:10px; color:#fff; font-size:13px; padding:15px;}\n.sahnebulten .edgtf-btn.edgtf-btn-solid span {color: #fff;}\n<\/style>\n<div class=\"sahnebulten\" style=\"text-align:center;\">\n\t<h4 style=\"font-style:italic; font-size:18px; color:#fff; margin:0;\">Pour recevo\u0131r la programmat\u0131on\n\t<\/h4>\n\t<h3 style=\"font-family:Oswald; font-size:28px; color:#fff; margin-top:12px;\">INSCRIVEZ-VOUS \u00c0 LA NEWSLETTER !\n\t<\/h3>\n\t<div>\n\t\t<p><span class=\"wpcf7-form-control-wrap\" data-name=\"your-name\"><input size=\"40\" class=\"wpcf7-form-control wpcf7-text\" aria-invalid=\"false\" placeholder=\"Pr\u00e9nom Nom\" value=\"\" type=\"text\" name=\"your-name\" \/><\/span>\n\t\t<\/p>\n\t<\/div>\n\t<div>\n\t\t<p><span class=\"wpcf7-form-control-wrap\" data-name=\"your-email\"><input size=\"40\" class=\"wpcf7-form-control wpcf7-email wpcf7-validates-as-required wpcf7-text wpcf7-validates-as-email\" aria-required=\"true\" aria-invalid=\"false\" placeholder=\"Courriel\" value=\"\" type=\"email\" name=\"your-email\" \/><\/span>\n\t\t<\/p>\n\t<\/div>\n\t<div style=\"display:none;\">\n\t\t<p><!-- Mailchimp for WordPress v4.9.10 - https:\/\/www.mc4wp.com\/ --><input type=\"hidden\" name=\"_mc4wp_subscribe_contact-form-7\" value=\"0\" \/><span class=\"mc4wp-checkbox mc4wp-checkbox-contact-form-7 \" ><label><input type=\"checkbox\" name=\"_mc4wp_subscribe_contact-form-7\" value=\"1\" checked=\"checked\"  \/><span>Beni haber b\u00fcltenine kaydet<\/span><\/label><\/span><!-- \/ Mailchimp for WordPress -->\n\t\t<\/p>\n\t<\/div>\n\t<center>\n\t\t<div class=\"dogrulama\">\n\t\t<span class=\"wpcf7-form-control-wrap recaptcha\" data-name=\"recaptcha\"><span data-sitekey=\"6Lcf1yopAAAAABo4BvV-WxKYvtNwfGFGmOwdYEHj\" class=\"wpcf7-form-control wpcf7-recaptcha g-recaptcha\"><\/span>\r\n<noscript>\r\n\t<div class=\"grecaptcha-noscript\">\r\n\t\t<iframe loading=\"lazy\" src=\"https:\/\/www.google.com\/recaptcha\/api\/fallback?k=6Lcf1yopAAAAABo4BvV-WxKYvtNwfGFGmOwdYEHj\" frameborder=\"0\" scrolling=\"no\" width=\"310\" height=\"430\">\r\n\t\t<\/iframe>\r\n\t\t<textarea name=\"g-recaptcha-response\" rows=\"3\" cols=\"40\" placeholder=\"reCaptcha Response Here\">\r\n\t\t<\/textarea>\r\n\t<\/div>\r\n<\/noscript>\r\n<\/span>\n\t\t<\/div>\n\t<\/center>\n\t<div>\n\t\t<p><button class=\"wpcf7-form-control wpcf7-submit edgtf-btn edgtf-btn-medium edgtf-btn-solid\" type=\"submit\"  data-text=\"ENVOYER\"><span class=\"edgtf-btn-text\">ENVOYER<\/span><\/button>\n\t\t<\/p>\n\t<\/div>\n<\/div><div class=\"wpcf7-response-output\" aria-hidden=\"true\"><\/div>\n<\/form>\n<\/div>\n<p>[\/vc_column_text][\/vc_column][vc_column width=\u00a0\u00bb1\/6&Prime;][\/vc_column][\/vc_row]<\/p>\n","protected":false},"excerpt":{"rendered":"<p>[vc_row full_width=\u00a0\u00bbstretch_row\u00a0\u00bb content_text_aligment=\u00a0\u00bbcenter\u00a0\u00bb parallax_background_image=\u00a0\u00bb181&Prime; parallax_bg_speed=\u00a0\u00bb1&Prime; css=\u00a0\u00bb.vc_custom_1581060590436{margin-top: 0px !important;padding-top: 100px !important;padding-bottom: 100px !important;}\u00a0\u00bb parallax_bg_height=\u00a0\u00bb500px\u00a0\u00bb][vc_column][\/vc_column][\/vc_row][vc_row full_width=\u00a0\u00bbstretch_row\u00a0\u00bb content_text_aligment=\u00a0\u00bbcenter\u00a0\u00bb css=\u00a0\u00bb.vc_custom_1580991470051{padding-top: 15px !important;padding-bottom: 40px !important;background-color: #000000 !important;}\u00a0\u00bb][vc_column width=\u00a0\u00bb1\/6&Prime;][\/vc_column][vc_column width=\u00a0\u00bb2\/3&Prime; css=\u00a0\u00bb.vc_custom_1580991418911{padding-top: 0px !important;}\u00a0\u00bb][vc_column_text] *La billetterie est prise en charge par les compagnies de th\u00e9\u00e2tre. Merci de [&hellip;]<\/p>\n","protected":false},"author":1,"featured_media":182,"parent":0,"menu_order":0,"comment_status":"closed","ping_status":"closed","template":"homePage.php","meta":{"footnotes":""},"_links":{"self":[{"href":"https:\/\/sahnepulcherie.com\/fr\/wp-json\/wp\/v2\/pages\/198"}],"collection":[{"href":"https:\/\/sahnepulcherie.com\/fr\/wp-json\/wp\/v2\/pages"}],"about":[{"href":"https:\/\/sahnepulcherie.com\/fr\/wp-json\/wp\/v2\/types\/page"}],"author":[{"embeddable":true,"href":"https:\/\/sahnepulcherie.com\/fr\/wp-json\/wp\/v2\/users\/1"}],"replies":[{"embeddable":true,"href":"https:\/\/sahnepulcherie.com\/fr\/wp-json\/wp\/v2\/comments?post=198"}],"version-history":[{"count":16,"href":"https:\/\/sahnepulcherie.com\/fr\/wp-json\/wp\/v2\/pages\/198\/revisions"}],"predecessor-version":[{"id":4685,"href":"https:\/\/sahnepulcherie.com\/fr\/wp-json\/wp\/v2\/pages\/198\/revisions\/4685"}],"wp:featuredmedia":[{"embeddable":true,"href":"https:\/\/sahnepulcherie.com\/fr\/wp-json\/wp\/v2\/media\/182"}],"wp:attachment":[{"href":"https:\/\/sahnepulcherie.com\/fr\/wp-json\/wp\/v2\/media?parent=198"}],"curies":[{"name":"wp","href":"https:\/\/api.w.org\/{rel}","templated":true}]}}